{"id":35,"date":"2016-04-05T12:25:46","date_gmt":"2016-04-05T10:25:46","guid":{"rendered":"http:\/\/localhost\/monsum\/?page_id=35"},"modified":"2022-11-19T14:16:24","modified_gmt":"2022-11-19T13:16:24","slug":"damit-alles-fliesst","status":"publish","type":"page","link":"https:\/\/www.monsun.cc\/it\/damit-alles-fliesst\/","title":{"rendered":"E TUTTO DEFLUISCE."},"content":{"rendered":"<p>Acqua, Lifestyle e Design &#8211; queste parole chiave definiscono e\u00a0distinguono l&#8217;affidabilit\u00e0 e la qualit\u00e0 tedesca dei ns. prodotti presso la sede di Monaco di Baviera, a prezzi equi e basati sulla cooperazione. Anche noi siamo sempre nel flusso ed \u00e8 per questo che abbiamo aggiornato il ns. aspetto. Pi\u00f9 moderno, chiaro e semplice oltre che focalizzato come ci sa aspetta dalla ns. azienda. Perch\u00e8 il progresso e la sostenibilit\u00e0 sono importanti cos\u00ec come l&#8217;attrativit\u00e0 e l&#8217;innovazione orientata al design.<\/p>\n<p>\u00a0<\/p>\n\n\n<div style=\"height:20px\" aria-hidden=\"true\" class=\"wp-block-spacer\"><\/div>\n\n\n\n<ul class=\"list-unstyled row visibleport portfolio-box\">\n\t\t\t\t\t<li class=\"col-sm-4 md-margin-bottom-50\">\n\t\t\t\t\t\t<img src=\"https:\/\/www.monsun.cc\/wp-content\/uploads\/2016\/04\/drain_news_icon1.jpg\" class=\"attachment-post-thumbnail size-post-thumbnail wp-post-image\" alt=\"\" decoding=\"async\" loading=\"lazy\" srcset=\"https:\/\/www.monsun.cc\/wp-content\/uploads\/2016\/04\/drain_news_icon1.jpg 360w, https:\/\/www.monsun.cc\/wp-content\/uploads\/2016\/04\/drain_news_icon1-300x190.jpg 300w\" sizes=\"(max-width: 360px) 100vw, 360px\" width=\"360\" height=\"228\">\t\t\t\t\t\t<h4 class=\"blue margin-bottom-0\">DRENAGGIO SICURO<\/h4>\nLa canaletta fa la differenza. Le costruzioni contemporanee richiedono dei sistemi di drenaggio perfetti.\n<br><a href=\"drain\/\" class=\"blue\">VAI<\/a>\t\t\t\t\t\t<!--<br><a href=\"#\" class=\"blue\">MEHR<\/a><br>-->\n\n\t\t\t\t\t<\/li>\n\t\t\t\t\t<li class=\"col-sm-4 md-margin-bottom-50\">\n\t\t\t\t\t\t<img src=\"https:\/\/www.monsun.cc\/wp-content\/uploads\/2016\/04\/green_news_icon1.jpg\" class=\"attachment-post-thumbnail size-post-thumbnail wp-post-image\" alt=\"\" decoding=\"async\" loading=\"lazy\" srcset=\"https:\/\/www.monsun.cc\/wp-content\/uploads\/2016\/04\/green_news_icon1.jpg 360w, https:\/\/www.monsun.cc\/wp-content\/uploads\/2016\/04\/green_news_icon1-300x190.jpg 300w\" sizes=\"(max-width: 360px) 100vw, 360px\" width=\"360\" height=\"228\">\t\t\t\t\t\t<div class=\"headline-left margin-bottom-10\">\n<h4 class=\"green\">BORDATURE PERFETTE<\/h4>\n<\/div>\nLa delimitazione dell\u2018area, in particolare modo sui tetti verdi, \u00e8 un tema rilevante. MONSUN Green offre una vasta gamma di accessori per tetti verdi intensivi ed estensivi e per il verde pensile.\n<br><a href=\"green\/\" class=\"green\">VAI<\/a>\t\t\t\t\t\t<!--<br><a href=\"#\" class=\"green\">MEHR<\/a>-->\n\t\t\t\t\t<\/li>\n\t\t\t\t\t<li class=\"col-sm-4\">\n\t\t\t\t\t\t<img src=\"https:\/\/www.monsun.cc\/wp-content\/uploads\/2016\/04\/gala_news_icon1.jpg\" class=\"attachment-post-thumbnail size-post-thumbnail wp-post-image\" alt=\"\" decoding=\"async\" loading=\"lazy\" srcset=\"https:\/\/www.monsun.cc\/wp-content\/uploads\/2016\/04\/gala_news_icon1.jpg 360w, https:\/\/www.monsun.cc\/wp-content\/uploads\/2016\/04\/gala_news_icon1-300x190.jpg 300w\" sizes=\"(max-width: 360px) 100vw, 360px\" width=\"360\" height=\"228\">\t\t\t\t\t\t<div class=\"headline-left margin-bottom-10\">\n<h4 class=\"gala\">SOLUZIONI SU MISURA<\/h4>\n<\/div>\nLusso, forme nobili, adattamento, design personalizzato, questa \u00e8 Gala, la nuova serie MONSUN.\n<br><a href=\"gala\/\" class=\"gala\">VAI<\/a>\t\t\t\t\t    <!--<br><a href=\"#\" class=\"gala\">MEHR<\/a> -->\n\n\t\t\t\t\t<\/li>\n\t\t\t\t<\/ul>","protected":false},"excerpt":{"rendered":"<p>Acqua, Lifestyle e Design &#8211; queste parole chiave definiscono e\u00a0distinguono l&#8217;affidabilit\u00e0 e la qualit\u00e0 tedesca dei ns. prodotti presso la sede di Monaco di Baviera, a prezzi equi e basati sulla cooperazione. Anche noi siamo sempre nel flusso ed \u00e8 per questo che abbiamo aggiornato il ns. aspetto. Pi\u00f9 moderno, chiaro e semplice oltre che [&#8230;]<\/p>\n","protected":false},"author":1,"featured_media":0,"parent":0,"menu_order":0,"comment_status":"closed","ping_status":"closed","template":"","meta":[],"acf":[],"_links":{"self":[{"href":"https:\/\/www.monsun.cc\/it\/wp-json\/wp\/v2\/pages\/35"}],"collection":[{"href":"https:\/\/www.monsun.cc\/it\/wp-json\/wp\/v2\/pages"}],"about":[{"href":"https:\/\/www.monsun.cc\/it\/wp-json\/wp\/v2\/types\/page"}],"author":[{"embeddable":true,"href":"https:\/\/www.monsun.cc\/it\/wp-json\/wp\/v2\/users\/1"}],"replies":[{"embeddable":true,"href":"https:\/\/www.monsun.cc\/it\/wp-json\/wp\/v2\/comments?post=35"}],"version-history":[{"count":14,"href":"https:\/\/www.monsun.cc\/it\/wp-json\/wp\/v2\/pages\/35\/revisions"}],"predecessor-version":[{"id":1071,"href":"https:\/\/www.monsun.cc\/it\/wp-json\/wp\/v2\/pages\/35\/revisions\/1071"}],"wp:attachment":[{"href":"https:\/\/www.monsun.cc\/it\/wp-json\/wp\/v2\/media?parent=35"}],"curies":[{"name":"wp","href":"https:\/\/api.w.org\/{rel}","templated":true}]}}