{"id":4,"date":"2016-04-05T10:56:58","date_gmt":"2016-04-05T08:56:58","guid":{"rendered":"http:\/\/localhost\/monsum\/?page_id=4"},"modified":"2019-10-22T13:44:39","modified_gmt":"2019-10-22T11:44:39","slug":"drain","status":"publish","type":"page","link":"https:\/\/www.monsun.cc\/it\/drain\/","title":{"rendered":"Drain"},"content":{"rendered":"<p><\/p>\n<h2 class=\"blue margin-bottom-40\">E TUTTO DEFLUISCE<\/h2>\n<p class=\"zoomOutDown margin-bottom-40\">Acqua, Lifestyle e Design &#8211; queste parole chiave definiscono e distinguono l&#8217;affidabilit\u00e0 e la qualit\u00e0 tedesca dei ns. prodotti presso la sede di Monaco di Baviera, a prezzi equi e basati sulla cooperazione. Anche noi siamo sempre nel flusso ed \u00e8 per questo che abbiamo aggiornato il ns. aspetto. Pi\u00f9 moderno, chiaro e semplice oltre che focalizzato come ci sia aspetta dalla ns. azienda. Perch\u00e8 il progresso e la sostenibilit\u00e0 sono importanti cos\u00ec come l&#8217;attrativit\u00e0 e l&#8217;innovazione orientata al design.<\/p>\n<p><\/p>","protected":false},"excerpt":{"rendered":"<h4 class=\"blue margin-bottom-0\">DRENAGGIO SICURO<\/h4>\n<p>La canaletta fa la differenza. Le costruzioni contemporanee richiedono dei sistemi di drenaggio perfetti.<br \/>\n<br \/><a href=\"drain\/\" class=\"blue\">VAI<\/a><\/p>\n","protected":false},"author":1,"featured_media":184,"parent":0,"menu_order":0,"comment_status":"closed","ping_status":"closed","template":"","meta":[],"acf":[],"_links":{"self":[{"href":"https:\/\/www.monsun.cc\/it\/wp-json\/wp\/v2\/pages\/4"}],"collection":[{"href":"https:\/\/www.monsun.cc\/it\/wp-json\/wp\/v2\/pages"}],"about":[{"href":"https:\/\/www.monsun.cc\/it\/wp-json\/wp\/v2\/types\/page"}],"author":[{"embeddable":true,"href":"https:\/\/www.monsun.cc\/it\/wp-json\/wp\/v2\/users\/1"}],"replies":[{"embeddable":true,"href":"https:\/\/www.monsun.cc\/it\/wp-json\/wp\/v2\/comments?post=4"}],"version-history":[{"count":29,"href":"https:\/\/www.monsun.cc\/it\/wp-json\/wp\/v2\/pages\/4\/revisions"}],"predecessor-version":[{"id":636,"href":"https:\/\/www.monsun.cc\/it\/wp-json\/wp\/v2\/pages\/4\/revisions\/636"}],"wp:featuredmedia":[{"embeddable":true,"href":"https:\/\/www.monsun.cc\/it\/wp-json\/wp\/v2\/media\/184"}],"wp:attachment":[{"href":"https:\/\/www.monsun.cc\/it\/wp-json\/wp\/v2\/media?parent=4"}],"curies":[{"name":"wp","href":"https:\/\/api.w.org\/{rel}","templated":true}]}}