{"id":9,"date":"2016-04-05T10:57:38","date_gmt":"2016-04-05T08:57:38","guid":{"rendered":"http:\/\/localhost\/monsum\/?page_id=9"},"modified":"2019-10-22T13:46:05","modified_gmt":"2019-10-22T11:46:05","slug":"gala","status":"publish","type":"page","link":"https:\/\/www.monsun.cc\/it\/gala\/","title":{"rendered":"Gala"},"content":{"rendered":"<p><\/p>\n<h2 class=\"gala margin-bottom-40\">Design unico, su misura<\/h2>\n<p class=\"zoomOutDown margin-bottom-40\">Lusso, forme nobili, adattamento, design personalizzato, questa \u00e8 Gala, la nuova serie MONSUN. Acciaio inox prodotto esattamente su richiesta, in base alle vostre idee e dimensioni richieste. Metallo come l&#8217;acciaio inox porta con se il vantaggio della plasmabilit\u00e0 rendendolo adattabile a curvature cos\u00ec come a tracciati lineari. Le aiuole incastonate e i contorni ornamentali creano un effetto arioso ed elegante allo stesso tempo e si integrano alla perfezione con il concetto di paesaggistica e progettazione del giardino. Attraverso l&#8217;utilizzo di materiali e colorazioni diverse si possono creare una molteplicit\u00e0 di installazioni e implementazioni. Relativamente alla riconosciuta qualit\u00e0 di MONSUN, il materiale viene prodotto e consegnato nel pi\u00f9 breve tempo possibile, dietro approvazione del progetto.<\/p>\n<p><\/p>","protected":false},"excerpt":{"rendered":"<div class=\"headline-left margin-bottom-10\">\n<h4 class=\"gala\">SOLUZIONI SU MISURA<\/h4>\n<\/div>\n<p>Lusso, forme nobili, adattamento, design personalizzato, questa \u00e8 Gala, la nuova serie MONSUN.<br \/>\n<br \/><a href=\"gala\/\" class=\"gala\">VAI<\/a><\/p>\n","protected":false},"author":1,"featured_media":185,"parent":0,"menu_order":0,"comment_status":"closed","ping_status":"closed","template":"","meta":[],"acf":[],"_links":{"self":[{"href":"https:\/\/www.monsun.cc\/it\/wp-json\/wp\/v2\/pages\/9"}],"collection":[{"href":"https:\/\/www.monsun.cc\/it\/wp-json\/wp\/v2\/pages"}],"about":[{"href":"https:\/\/www.monsun.cc\/it\/wp-json\/wp\/v2\/types\/page"}],"author":[{"embeddable":true,"href":"https:\/\/www.monsun.cc\/it\/wp-json\/wp\/v2\/users\/1"}],"replies":[{"embeddable":true,"href":"https:\/\/www.monsun.cc\/it\/wp-json\/wp\/v2\/comments?post=9"}],"version-history":[{"count":35,"href":"https:\/\/www.monsun.cc\/it\/wp-json\/wp\/v2\/pages\/9\/revisions"}],"predecessor-version":[{"id":770,"href":"https:\/\/www.monsun.cc\/it\/wp-json\/wp\/v2\/pages\/9\/revisions\/770"}],"wp:featuredmedia":[{"embeddable":true,"href":"https:\/\/www.monsun.cc\/it\/wp-json\/wp\/v2\/media\/185"}],"wp:attachment":[{"href":"https:\/\/www.monsun.cc\/it\/wp-json\/wp\/v2\/media?parent=9"}],"curies":[{"name":"wp","href":"https:\/\/api.w.org\/{rel}","templated":true}]}}